{"id":6,"date":"2008-09-25T21:12:59","date_gmt":"2008-09-25T19:12:59","guid":{"rendered":"http:\/\/www.lutzz.ch\/?page_id=6"},"modified":"2016-04-22T09:58:06","modified_gmt":"2016-04-22T08:58:06","slug":"bio","status":"publish","type":"page","link":"https:\/\/www.lutzz.ch\/?page_id=6","title":{"rendered":"Bio"},"content":{"rendered":"<p><em>Bio 2011<\/em><br \/>\nVergessen Sie Bligg. Vergessen Sie DJ Bobo. Der beste Rapper der Schweiz heisst ab nun Lutzz. Denn Lutzz rappt derart fantastisch gut, selbst Gott k\u00f6nnte nicht besser rappen. Zudem sieht Lutzz auch noch mega gut aus, selbst Gott k\u00f6nnte nicht besser aussehen. W\u00e4hrend andere Rapper ihre h\u00e4sslichen Fressen hinter \u00fcbergrossen Sonnenbrillen zu verbergen versuchen, kann Lutzz auf solch billige Tricks verzichten. Einzig sein neuer Bart bleibt vorerst dran. \u201eDieser Bart symbolisiert meine Originalit\u00e4t. Kaum ein anderer Rapper in der Schweiz tr\u00e4gt n\u00e4mlich so einen\u201c, so der \u00fcbertalentierte Sprechs\u00e4nger. Und wie bei seinem Sinn f\u00fcr Originelles, so ist es auch mit seinem Bart: er ist sehr gross.<\/p>\n<p>Mit seinem neuen Mixtape \u201eRevolutzzion\u00e4r Vol. 3: Charts aber schmerzlich\u201c will er die Schweiz einfach nur gl\u00fccklich machen. \u201eMein Ziel ist es, Musik f\u00fcr die ganze Familie zu machen. Das macht nicht nur beliebt, man kann auch mehr CDs verkaufen\u201c, so der clevere Rapper. Und tats\u00e4chlich findet sich auf seinem Tape eine derart grosse Vielfalt an Themen, selbst Gott k\u00f6nnte nicht vielf\u00e4ltiger sein. In den \u00fcber 20 Liedern, allesamt mega gut, kommt die langj\u00e4hrige Erfahrung*\u00a0von Lutzz voll zur Geltung. Daf\u00fcr sch\u00e4tzen ihn seine Fans. \u201eIch habe schon viele Schweizer Rapper geh\u00f6rt, aber Lutzz ist der beste\u201c, so ein \u00fcberzeugter Fan. Da verwundert es auch nicht, dass Lutzz schon ganze Beizen f\u00fcllen konnte, und gar schon einmal an einem Kantifest gespielt hat. Ein begeistertes Publikum ist dabei der Standard. \u201eLutzz hat mich sehr begeistert\u201c, so ein begeisterter Zuschauer.<\/p>\n<p>Werden auch Sie Teil der exponentiell wachsenden Fangemeinde und lassen Sie sich bezaubern vom Charme und vom K\u00f6nnen dieses Ausnahmetalentes!<\/p>\n<p><em>*Lutzz, geboren und wohnhaft in Olten, rappt seit 2003 in schweizerdeutscher Sprache.<\/em><\/p>\n","protected":false},"excerpt":{"rendered":"<p>Bio 2011 Vergessen Sie Bligg. Vergessen Sie DJ Bobo. Der beste Rapper der Schweiz heisst ab nun Lutzz. Denn Lutzz rappt derart fantastisch gut, selbst Gott k\u00f6nnte nicht besser rappen. Zudem sieht Lutzz auch noch mega gut aus, selbst Gott &hellip; <a href=\"https:\/\/www.lutzz.ch\/?page_id=6\">Continue reading <span class=\"meta-nav\">&rarr;<\/span><\/a><\/p>\n","protected":false},"author":1,"featured_media":0,"parent":0,"menu_order":0,"comment_status":"open","ping_status":"closed","template":"","meta":{"footnotes":""},"class_list":["post-6","page","type-page","status-publish","hentry"],"_links":{"self":[{"href":"https:\/\/www.lutzz.ch\/index.php?rest_route=\/wp\/v2\/pages\/6","targetHints":{"allow":["GET"]}}],"collection":[{"href":"https:\/\/www.lutzz.ch\/index.php?rest_route=\/wp\/v2\/pages"}],"about":[{"href":"https:\/\/www.lutzz.ch\/index.php?rest_route=\/wp\/v2\/types\/page"}],"author":[{"embeddable":true,"href":"https:\/\/www.lutzz.ch\/index.php?rest_route=\/wp\/v2\/users\/1"}],"replies":[{"embeddable":true,"href":"https:\/\/www.lutzz.ch\/index.php?rest_route=%2Fwp%2Fv2%2Fcomments&post=6"}],"version-history":[{"count":28,"href":"https:\/\/www.lutzz.ch\/index.php?rest_route=\/wp\/v2\/pages\/6\/revisions"}],"predecessor-version":[{"id":4819,"href":"https:\/\/www.lutzz.ch\/index.php?rest_route=\/wp\/v2\/pages\/6\/revisions\/4819"}],"wp:attachment":[{"href":"https:\/\/www.lutzz.ch\/index.php?rest_route=%2Fwp%2Fv2%2Fmedia&parent=6"}],"curies":[{"name":"wp","href":"https:\/\/api.w.org\/{rel}","templated":true}]}}